{"id":1550,"date":"2021-11-06T13:27:43","date_gmt":"2021-11-06T13:27:43","guid":{"rendered":"https:\/\/estudiostreetsud.com.ar\/demo\/?post_type=product&#038;p=1550"},"modified":"2024-07-16T17:20:03","modified_gmt":"2024-07-16T17:20:03","slug":"ebook-demo-descargable","status":"publish","type":"product","link":"https:\/\/estudiostreetsud.com.ar\/demo\/producto\/ebook-demo-descargable\/","title":{"rendered":"eBook Demo &#8211; Descargable"},"content":{"rendered":"<div class=\"elementor-element elementor-element-3c3c9646 elementor-widget elementor-widget-heading\" data-id=\"3c3c9646\" data-element_type=\"widget\" data-widget_type=\"heading.default\">\n<div class=\"elementor-widget-container\">\n<h2 class=\"elementor-heading-title elementor-size-default\">\u00bfC\u00f3mo ser\u00eda tu negocio si no recibieras llamadas o correos electr\u00f3nicos?<\/h2>\n<\/div>\n<\/div>\n<div class=\"elementor-element elementor-element-79f4dd83 elementor-widget elementor-widget-text-editor\" data-id=\"79f4dd83\" data-element_type=\"widget\" data-widget_type=\"text-editor.default\">\n<div class=\"elementor-widget-container\">\n<div class=\"elementor-text-editor elementor-clearfix\">\n<p>Sin nuevas consultas, tu negocio se limita a la base de clientes existente, que, de forma natural, ir\u00e1 disminuyendo con el tiempo.<\/p>\n<p>Lo que necesitas es un sistema para gestionar las nuevas oportunidades de negocio y asegurarte de que sean interesantes para ti. Desafortunadamente, esto te puede hacer perder mucho tiempo.<\/p>\n<\/div>\n<\/div>\n<\/div>\n<div class=\"elementor-element elementor-element-3c3c9646 elementor-widget elementor-widget-heading\" data-id=\"3c3c9646\" data-element_type=\"widget\" data-widget_type=\"heading.default\">\n<div class=\"elementor-widget-container\"><\/div>\n<\/div>\n<div class=\"elementor-element elementor-element-79f4dd83 elementor-widget elementor-widget-text-editor\" data-id=\"79f4dd83\" data-element_type=\"widget\" data-widget_type=\"text-editor.default\">\n<div class=\"elementor-widget-container\">\n<div class=\"elementor-text-editor elementor-clearfix\">\n<p>\u00bfQu\u00e9 pasar\u00eda si pudieras tener en tu sitio web\u00a0un sistema\u00a0que atrajera al tipo de cliente con el que deseas trabajar, que le eduque sobre tus productos o servicios y que, adem\u00e1s, te posicione como un experto en tu sector?<\/p>\n<p>Descarga mi gu\u00eda gratuita y descubrir\u00e1s en qu\u00e9 consisten los sistemas de generaci\u00f3n de leads y por qu\u00e9 son perfectos para tu negocio.<\/p>\n<\/div>\n<\/div>\n<\/div>\n","protected":false},"excerpt":{"rendered":"<ul class=\"elementor-icon-list-items\">\n<li class=\"elementor-icon-list-item\"><span class=\"elementor-icon-list-text\">Comprende los elementos clave que modelar\u00e1n tu nuevo sistema de generaci\u00f3n de leads.<\/span><\/li>\n<li class=\"elementor-icon-list-item\"><i class=\"fas fa-check-circle\" aria-hidden=\"true\"><\/i><span class=\"elementor-icon-list-text\">Descifra la forma de pensar tus clientes y averigua cu\u00e1les son sus mayores problemas y desaf\u00edos.<\/span><\/li>\n<li class=\"elementor-icon-list-item\"><i class=\"fas fa-check-circle\" aria-hidden=\"true\"><\/i><span class=\"elementor-icon-list-text\">Comprueba c\u00f3mo la automatizaci\u00f3n puede ejecutar tu sistema de generaci\u00f3n de leads, generando confianza y educando a tus prospectos mientras t\u00fa descansas.<\/span><\/li>\n<li class=\"elementor-icon-list-item\"><i class=\"fas fa-check-circle\" aria-hidden=\"true\"><\/i><span class=\"elementor-icon-list-text\">Descubre por qu\u00e9 tener un flujo predecible de clientes potenciales te garantizar\u00e1 mantenerte alejado de la inestabilidad en las ventas.<\/span><\/li>\n<li class=\"elementor-icon-list-item\"><i class=\"fas fa-check-circle\" aria-hidden=\"true\"><\/i><span class=\"elementor-icon-list-text\">Aprende a testear y optimizar tu sistema de generaci\u00f3n de leads, ayud\u00e1ndote a obtener mejores resultados.<\/span><\/li>\n<\/ul>\n","protected":false},"featured_media":1551,"comment_status":"open","ping_status":"closed","template":"","meta":{"_joinchat":[]},"product_brand":[],"product_cat":[215],"product_tag":[216,217,218],"class_list":{"0":"post-1550","1":"product","2":"type-product","3":"status-publish","4":"has-post-thumbnail","6":"product_cat-ebook","7":"product_tag-ebook","8":"product_tag-libro","9":"product_tag-virtual","11":"first","12":"instock","13":"downloadable","14":"virtual","15":"taxable","16":"purchasable","17":"product-type-simple"},"_links":{"self":[{"href":"https:\/\/estudiostreetsud.com.ar\/demo\/wp-json\/wp\/v2\/product\/1550","targetHints":{"allow":["GET"]}}],"collection":[{"href":"https:\/\/estudiostreetsud.com.ar\/demo\/wp-json\/wp\/v2\/product"}],"about":[{"href":"https:\/\/estudiostreetsud.com.ar\/demo\/wp-json\/wp\/v2\/types\/product"}],"replies":[{"embeddable":true,"href":"https:\/\/estudiostreetsud.com.ar\/demo\/wp-json\/wp\/v2\/comments?post=1550"}],"wp:featuredmedia":[{"embeddable":true,"href":"https:\/\/estudiostreetsud.com.ar\/demo\/wp-json\/wp\/v2\/media\/1551"}],"wp:attachment":[{"href":"https:\/\/estudiostreetsud.com.ar\/demo\/wp-json\/wp\/v2\/media?parent=1550"}],"wp:term":[{"taxonomy":"product_brand","embeddable":true,"href":"https:\/\/estudiostreetsud.com.ar\/demo\/wp-json\/wp\/v2\/product_brand?post=1550"},{"taxonomy":"product_cat","embeddable":true,"href":"https:\/\/estudiostreetsud.com.ar\/demo\/wp-json\/wp\/v2\/product_cat?post=1550"},{"taxonomy":"product_tag","embeddable":true,"href":"https:\/\/estudiostreetsud.com.ar\/demo\/wp-json\/wp\/v2\/product_tag?post=1550"}],"curies":[{"name":"wp","href":"https:\/\/api.w.org\/{rel}","templated":true}]}}